{"id":24,"date":"2013-12-05T07:38:08","date_gmt":"2013-12-05T07:38:08","guid":{"rendered":"http:\/\/randonneenepal.com\/?page_id=24"},"modified":"2026-01-11T09:51:33","modified_gmt":"2026-01-11T09:51:33","slug":"about-ecology","status":"publish","type":"page","link":"https:\/\/randonneenepal.com\/","title":{"rendered":"Randonn\u00e9e au N\u00e9pal"},"content":{"rendered":"<p>trek au nepal en 2026, voyage au nepal 2026, trek voyage nepal 2027, nepal trek 2026, voyage au nepal 2026<\/p>\n<p><strong>Bienvenue au N\u00e9pal<\/strong> Agence n\u00e9palaise francophone de trekking tr\u00e8s exp\u00e9riment\u00e9e depuis 1990. Quand vous partez avec notre agence, cela participe au fonctionnement de notre dispensaire gratuit et de nos \u00e9coles gratuites au N\u00e9pal.<\/p>\n<p><strong>Nos randonn\u00e9es et treks au N\u00e9pal,\u00a0<\/strong>de \u00a04 jours \u00e0 23 jours, Treks avec ascension de sommets, \u00a0S\u00e9jours en montagne et Tours du N\u00e9pal, trek au N\u00e9pal et trekking au Tibet.<\/p>\n<p>Nepal Trecking Annapurna en 2026, Mohare hill trek, belvedere muldai trek, Trek Naar Phu trek, trekking chez l\u2019habitant, panchase trek, ghorapani poonhill treck, tilicho lac trek, voyage et trek au nepal en 2026, nepal voyage mois cher en 2026, trek au nepal moins cher, trek mustang et manaslu nepal, voyage moins cher au Nepal en 2027<\/p>\n","protected":false},"excerpt":{"rendered":"<p>trek au nepal en 2026, voyage au nepal 2026, trek voyage nepal 2027, nepal trek 2026, voyage au nepal 2026 Bienvenue au N\u00e9pal Agence n\u00e9palaise francophone de trekking tr\u00e8s exp\u00e9riment\u00e9e depuis 1990. Quand vous partez avec notre agence, cela participe &hellip;<\/p>\n<p class=\"read-more\"> <a class=\"more-link\" href=\"https:\/\/randonneenepal.com\/\"> <span class=\"screen-reader-text\">Randonn\u00e9e au N\u00e9pal<\/span> Read More &raquo;<\/a><\/p>\n","protected":false},"author":1,"featured_media":0,"parent":0,"menu_order":0,"comment_status":"closed","ping_status":"open","template":"","meta":{"_joinchat":[],"footnotes":""},"class_list":["post-24","page","type-page","status-publish","hentry"],"featured_image_src":"","featured_image_src_square":false,"rbea_author_info":{"display_name":"admin","author_link":"https:\/\/randonneenepal.com\/?author=1"},"rbea_excerpt_info":"trek au nepal en 2026, voyage au nepal 2026, trek voyage nepal 2027, nepal trek 2026, voyage au nepal 2026 Bienvenue au N\u00e9pal Agence n\u00e9palaise francophone de trekking tr\u00e8s exp\u00e9riment\u00e9e depuis 1990. Quand vous partez avec notre agence, cela participe &hellip;<p class=\"read-more\"> <a class=\"more-link\" href=\"https:\/\/randonneenepal.com\/\"> <span class=\"screen-reader-text\">Randonn\u00e9e au N\u00e9pal<\/span> Read More &raquo;<\/a><\/p>","_links":{"self":[{"href":"https:\/\/randonneenepal.com\/index.php?rest_route=\/wp\/v2\/pages\/24","targetHints":{"allow":["GET"]}}],"collection":[{"href":"https:\/\/randonneenepal.com\/index.php?rest_route=\/wp\/v2\/pages"}],"about":[{"href":"https:\/\/randonneenepal.com\/index.php?rest_route=\/wp\/v2\/types\/page"}],"author":[{"embeddable":true,"href":"https:\/\/randonneenepal.com\/index.php?rest_route=\/wp\/v2\/users\/1"}],"replies":[{"embeddable":true,"href":"https:\/\/randonneenepal.com\/index.php?rest_route=%2Fwp%2Fv2%2Fcomments&post=24"}],"version-history":[{"count":18,"href":"https:\/\/randonneenepal.com\/index.php?rest_route=\/wp\/v2\/pages\/24\/revisions"}],"predecessor-version":[{"id":680,"href":"https:\/\/randonneenepal.com\/index.php?rest_route=\/wp\/v2\/pages\/24\/revisions\/680"}],"wp:attachment":[{"href":"https:\/\/randonneenepal.com\/index.php?rest_route=%2Fwp%2Fv2%2Fmedia&parent=24"}],"curies":[{"name":"wp","href":"https:\/\/api.w.org\/{rel}","templated":true}]}}