{"id":300,"date":"2017-05-10T10:34:08","date_gmt":"2017-05-10T10:34:08","guid":{"rendered":"http:\/\/www.randonneenepal.com\/?page_id=300"},"modified":"2024-11-05T10:46:19","modified_gmt":"2024-11-05T10:46:19","slug":"contact-html","status":"publish","type":"page","link":"https:\/\/randonneenepal.com\/?page_id=300","title":{"rendered":"MARCHEZ UTILE"},"content":{"rendered":"<div class=\"kvgmc6g5 cxmmr5t8 oygrvhab hcukyx3x c1et5uql ii04i59q\">\n<div dir=\"auto\"><\/div>\n<div dir=\"auto\">Bonjour et Namaste<span class=\"q9uorilb tbxw36s4 knj5qynh kvgmc6g5 ditlmg2l oygrvhab nvdbi5me fgm26odu gl3lb2sf hhz5lgdu\" aria-label=\"\ud83c\uddf3\ud83c\uddf5\"><span aria-hidden=\"true\"><img decoding=\"async\" src=\"https:\/\/static.xx.fbcdn.net\/images\/emoji.php\/v9\/t62\/1\/16\/1f1f3_1f1f5.png\" alt=\"\" width=\"16\" height=\"16\" \/><\/span><\/span><span class=\"q9uorilb tbxw36s4 knj5qynh kvgmc6g5 ditlmg2l oygrvhab nvdbi5me fgm26odu gl3lb2sf hhz5lgdu\" aria-label=\"\ud83d\ude4f\"><span aria-hidden=\"true\"><img decoding=\"async\" src=\"https:\/\/static.xx.fbcdn.net\/images\/emoji.php\/v9\/t80\/1\/16\/1f64f.png\" alt=\"\" width=\"16\" height=\"16\" \/><\/span><\/span>.<\/div>\n<div dir=\"auto\">Nepal Ecology Treks, est une agance n\u00e9palaise francophone, avec une des plus ancienne agence de voyage au Nepal, avec a but humanitaire, cr\u00e9e en 1990, tr\u00e9s exp\u00e9riment\u00e9e dans le voyages et cirircuits au Nepal.<\/div>\n<div dir=\"auto\">Nous sommes tr\u00e8s heureux de partager nos exp\u00e9rience avec vous donc voyage et trek au Nepal avec l&#8217;agence locale francophone &#8220;N\u00e9pal Ecology Treks&#8221;. Offre un prix sp\u00e9ciale .Merci de nous \u00e9crire \u00e0 &#8220;ecologytreks@gmail.com\u201d et nous vous r\u00e9pondrons rapidement.<\/div>\n<\/div>\n<h1><img decoding=\"async\" class=\"size-medium wp-image-571 aligncenter\" src=\"https:\/\/randonneenepal.com\/wp-content\/uploads\/2024\/11\/net-new-logo-308x300.jpg\" alt=\"\" width=\"308\" height=\"300\" srcset=\"https:\/\/randonneenepal.com\/wp-content\/uploads\/2024\/11\/net-new-logo-308x300.jpg 308w, https:\/\/randonneenepal.com\/wp-content\/uploads\/2024\/11\/net-new-logo-768x749.jpg 768w, https:\/\/randonneenepal.com\/wp-content\/uploads\/2024\/11\/net-new-logo-100x98.jpg 100w, https:\/\/randonneenepal.com\/wp-content\/uploads\/2024\/11\/net-new-logo-150x146.jpg 150w, https:\/\/randonneenepal.com\/wp-content\/uploads\/2024\/11\/net-new-logo-200x195.jpg 200w, https:\/\/randonneenepal.com\/wp-content\/uploads\/2024\/11\/net-new-logo-300x293.jpg 300w, https:\/\/randonneenepal.com\/wp-content\/uploads\/2024\/11\/net-new-logo-450x439.jpg 450w, https:\/\/randonneenepal.com\/wp-content\/uploads\/2024\/11\/net-new-logo-600x585.jpg 600w, https:\/\/randonneenepal.com\/wp-content\/uploads\/2024\/11\/net-new-logo-900x878.jpg 900w, https:\/\/randonneenepal.com\/wp-content\/uploads\/2024\/11\/net-new-logo-45x45.jpg 45w, https:\/\/randonneenepal.com\/wp-content\/uploads\/2024\/11\/net-new-logo.jpg 981w\" sizes=\"(max-width: 308px) 100vw, 308px\" \/><\/h1>\n<h1 style=\"text-align: center;\"><span style=\"text-decoration: underline;\"><span style=\"color: #339966;\"><b>Nepal Ecology Treks<\/b><\/span><\/span><\/h1>\n<p><center><b> &#8220;Agence n\u00e9palaise francophone a but humanitaire depuis 1990&#8221;<br \/>\n<\/b>\u00a0\u00a0<b>Licence Professionnelle No: 101020\/051\/52<\/b><\/center><center><b>Tel: +97714530665 \/ <b>+9771<\/b>4530664, Portable: 977-9841310262<br \/>\nAdresse bureau: GPO: 12441, Lazimpat, Dhobichaur, Kathmandu, Nepal<\/b><br \/>\n<b><strong>Telephone Portable\/Viber\/WhatsApp: +9779851001068<\/strong><br \/>\nEmail: <a href=\"mailto:ecologytreks@gmail.com\">ecologytreks@gmail.com<\/a><\/b><b><b><b><br \/>\nDemande d&#8217;information par Skype:<\/b><\/b><a href=\"skype:ecologytrek?call\"><img decoding=\"async\" src=\"http:\/\/download.skype.com\/share\/skypebuttons\/buttons\/call_green_transparent_70x23.png\" alt=\"Skype Me\ufffd!\" width=\"70\" height=\"23\" \/><\/a>\u00a0&#8220;ecologytrek&#8221;<\/b><\/center><img decoding=\"async\" class=\"aligncenter\" src=\"http:\/\/ecologytreks.com\/notre%20agence.jpg\" alt=\"CARTE POUR ALLER NOTRE AGENCE\" width=\"512\" height=\"245\" \/><\/p>\n<div align=\"center\"><b>\u00a0MARCHEZ UTILE !<\/b>\u00a0<b><br \/>\nNous avons dispensaire et \u00e9cole\u00a0<b>gratuits<\/b>\u00a0a Helambu, Nepal<\/b><center>Il est situe a Gyalthum\/Sierra sur le chemin de Tharkegayang et des treks vers Gosaikund, Langtang, Helambou et Panch Pokhari.<br \/>\n<span style=\"font-size: revert;\">\u00a0Les b\u00e9n\u00e9fices r\u00e9alis\u00e9s au N\u00e9pal, Cambodge et Tibet par ces trekking, randonn\u00e9es et s\u00e9jours avec notre agence, participent au fonctionnement d&#8217;un dispensaire et l&#8217;ecole gratuit dans les H\u00e9lambu au N\u00e9pal, au parrainage scolaire d&#8217;enfants d\u00e9sh\u00e9rit\u00e9s et \u00e0 aident un orphelinat d&#8217;enfants tib\u00e9tains au Tibet. Documentation :\u00a0<\/span><a style=\"font-size: revert;\" href=\"http:\/\/www.ecologytreks.com\/human.html\">http:\/\/www.ecologytreks.com\/human.html<\/a><\/center><\/div>\n<div id=\"TA_selfserveprop439\" class=\"TA_selfserveprop\">\n<ul id=\"yUxQtZNBe6eJ\" class=\"TA_links Z6LkOvOZoBDH\">\n<li id=\"rgeUpYHRK\" class=\"Dw2XFNb\"><a href=\"https:\/\/www.tripadvisor.com\/\" target=\"_blank\" rel=\"noopener noreferrer\"><img decoding=\"async\" src=\"https:\/\/www.tripadvisor.com\/img\/cdsi\/img2\/branding\/150_logo-11900-2.png\" alt=\"TripAdvisor\" \/><\/a><\/li>\n<\/ul>\n<\/div>\n<p><script src=\"https:\/\/www.jscache.com\/wejs?wtype=selfserveprop&amp;uniq=439&amp;locationId=12435215&amp;lang=en_US&amp;rating=true&amp;nreviews=4&amp;writereviewlink=true&amp;popIdx=true&amp;iswide=true&amp;border=true&amp;display_version=2\"><\/script><\/p>\n","protected":false},"excerpt":{"rendered":"<p>Bonjour et Namaste. Nepal Ecology Treks, est une agance n\u00e9palaise francophone, avec une des plus ancienne agence de voyage au Nepal, avec a but humanitaire, cr\u00e9e en 1990, tr\u00e9s exp\u00e9riment\u00e9e dans le voyages et cirircuits au Nepal. Nous sommes tr\u00e8s &hellip;<\/p>\n<p class=\"read-more\"> <a class=\"more-link\" href=\"https:\/\/randonneenepal.com\/?page_id=300\"> <span class=\"screen-reader-text\">MARCHEZ UTILE<\/span> Read More &raquo;<\/a><\/p>\n","protected":false},"author":1,"featured_media":0,"parent":0,"menu_order":7,"comment_status":"closed","ping_status":"closed","template":"","meta":{"_joinchat":[],"footnotes":""},"class_list":["post-300","page","type-page","status-publish","hentry"],"featured_image_src":"","featured_image_src_square":false,"rbea_author_info":{"display_name":"admin","author_link":"https:\/\/randonneenepal.com\/?author=1"},"rbea_excerpt_info":"Bonjour et Namaste. Nepal Ecology Treks, est une agance n\u00e9palaise francophone, avec une des plus ancienne agence de voyage au Nepal, avec a but humanitaire, cr\u00e9e en 1990, tr\u00e9s exp\u00e9riment\u00e9e dans le voyages et cirircuits au Nepal. Nous sommes tr\u00e8s &hellip;<p class=\"read-more\"> <a class=\"more-link\" href=\"https:\/\/randonneenepal.com\/?page_id=300\"> <span class=\"screen-reader-text\">MARCHEZ UTILE<\/span> Read More &raquo;<\/a><\/p>","_links":{"self":[{"href":"https:\/\/randonneenepal.com\/index.php?rest_route=\/wp\/v2\/pages\/300","targetHints":{"allow":["GET"]}}],"collection":[{"href":"https:\/\/randonneenepal.com\/index.php?rest_route=\/wp\/v2\/pages"}],"about":[{"href":"https:\/\/randonneenepal.com\/index.php?rest_route=\/wp\/v2\/types\/page"}],"author":[{"embeddable":true,"href":"https:\/\/randonneenepal.com\/index.php?rest_route=\/wp\/v2\/users\/1"}],"replies":[{"embeddable":true,"href":"https:\/\/randonneenepal.com\/index.php?rest_route=%2Fwp%2Fv2%2Fcomments&post=300"}],"version-history":[{"count":27,"href":"https:\/\/randonneenepal.com\/index.php?rest_route=\/wp\/v2\/pages\/300\/revisions"}],"predecessor-version":[{"id":582,"href":"https:\/\/randonneenepal.com\/index.php?rest_route=\/wp\/v2\/pages\/300\/revisions\/582"}],"wp:attachment":[{"href":"https:\/\/randonneenepal.com\/index.php?rest_route=%2Fwp%2Fv2%2Fmedia&parent=300"}],"curies":[{"name":"wp","href":"https:\/\/api.w.org\/{rel}","templated":true}]}}