{"id":44,"date":"2013-12-05T11:03:42","date_gmt":"2013-12-05T11:03:42","guid":{"rendered":"http:\/\/randonneenepal.com\/?page_id=44"},"modified":"2024-11-05T11:18:11","modified_gmt":"2024-11-05T11:18:11","slug":"notre-agence","status":"publish","type":"page","link":"https:\/\/randonneenepal.com\/?page_id=44","title":{"rendered":"Notre Agence"},"content":{"rendered":"<div dir=\"auto\">Bonjour, Namaste du l&#8217;\u00e9quipe <a class=\"x1i10hfl xjbqb8w x6umtig x1b1mbwd xaqea5y xav7gou x9f619 x1ypdohk xt0psk2 xe8uvvx xdj266r x11i5rnm xat24cr x1mh8g0r xexx8yu x4uap5 x18d9i69 xkhd6sd x16tdsg8 x1hl2dhg xggy1nq x1a2a7pz xt0b8zv x1qq9wsj xo1l8bm\" tabindex=\"0\" role=\"link\" href=\"https:\/\/www.facebook.com\/nepalecologytreks?__cft__[0]=AZWL3UBRsv_XgZmo5NrSIboGnPlaNMq9XejWTFfNUCDSp0uDDs7oIYqanDgjtZeCDlYogn7bVeJurdwFN_PmqPyM6CGCv30PkYBh_acQYQDExImV_rcsMznUHYu-XLKzqTlqDyUJUW6apCWkBR7zJYdtsXOy83PnbNdA1KbHtaxUnX1T0IFEStjPcDVAE8XSBf0&amp;__tn__=-]K-R\"><span class=\"xt0psk2\">N\u00e9pal Ecology Treks<\/span><\/a>. Nous offrons des prix sp\u00e9ciaux pour diff\u00e9rents treks au N\u00e9pal pour 2025.<br \/>\nEnvoyez-nous votre demande, r\u00e9servez \u00e0 l&#8217;avance !!! <span class=\"x3nfvp2 x1j61x8r x1fcty0u xdj266r xhhsvwb xat24cr xgzva0m xxymvpz xlup9mm x1kky2od\"><img decoding=\"async\" src=\"https:\/\/static.xx.fbcdn.net\/images\/emoji.php\/v9\/t62\/1\/16\/1f1f3_1f1f5.png\" alt=\"\ud83c\uddf3\ud83c\uddf5\" width=\"16\" height=\"16\" \/><\/span><span class=\"x3nfvp2 x1j61x8r x1fcty0u xdj266r xhhsvwb xat24cr xgzva0m xxymvpz xlup9mm x1kky2od\"><img decoding=\"async\" src=\"https:\/\/static.xx.fbcdn.net\/images\/emoji.php\/v9\/t80\/1\/16\/1f64f.png\" alt=\"\ud83d\ude4f\" width=\"16\" height=\"16\" \/> <\/span><span style=\"font-size: revert;\"><span style=\"color: #0000ff;\">Vous pouvez nous contatez\u00a0 directement par email <\/span><\/span><strong style=\"color: revert; font-size: revert;\"><span style=\"color: #0000ff;\">: <a style=\"color: #0000ff;\" href=\"mailto:ecologytreks@gmail.com\"><span style=\"color: #008000;\">ecologytreks@gmail.com\u00a0<\/span><\/a><\/span><\/strong><\/div>\n<p>trek au nepal en 2025, voyage au nepal, trek voyage nepal 2026, nepal trek 2027, voyage au nepal 2025<\/p>\n<h1 style=\"text-align: center;\"><span style=\"color: #339966;\"> <strong>N\u00e9pal Ecology Treks<\/strong><\/span><\/h1>\n<p><img decoding=\"async\" class=\"size-medium wp-image-571 alignleft\" src=\"https:\/\/randonneenepal.com\/wp-content\/uploads\/2024\/11\/net-new-logo-308x300.jpg\" alt=\"\" width=\"308\" height=\"300\" srcset=\"https:\/\/randonneenepal.com\/wp-content\/uploads\/2024\/11\/net-new-logo-308x300.jpg 308w, https:\/\/randonneenepal.com\/wp-content\/uploads\/2024\/11\/net-new-logo-768x749.jpg 768w, https:\/\/randonneenepal.com\/wp-content\/uploads\/2024\/11\/net-new-logo-100x98.jpg 100w, https:\/\/randonneenepal.com\/wp-content\/uploads\/2024\/11\/net-new-logo-150x146.jpg 150w, https:\/\/randonneenepal.com\/wp-content\/uploads\/2024\/11\/net-new-logo-200x195.jpg 200w, https:\/\/randonneenepal.com\/wp-content\/uploads\/2024\/11\/net-new-logo-300x293.jpg 300w, https:\/\/randonneenepal.com\/wp-content\/uploads\/2024\/11\/net-new-logo-450x439.jpg 450w, https:\/\/randonneenepal.com\/wp-content\/uploads\/2024\/11\/net-new-logo-600x585.jpg 600w, https:\/\/randonneenepal.com\/wp-content\/uploads\/2024\/11\/net-new-logo-900x878.jpg 900w, https:\/\/randonneenepal.com\/wp-content\/uploads\/2024\/11\/net-new-logo-45x45.jpg 45w, https:\/\/randonneenepal.com\/wp-content\/uploads\/2024\/11\/net-new-logo.jpg 981w\" sizes=\"(max-width: 308px) 100vw, 308px\" \/>Notre bureau \u00e0 Kathmandu , est situ\u00e9 dans le centre, \u00e0 15 min \u00e0 pied de Thamel, derri\u00e8re le Palais Royal, \u00e0 Lazimpat &#8211; Dhobichaur. Pour venir chez nous en venant de Thamel, suivre le mur du palais royal qui monte vers Lazimpat, tourner \u00e0 droite en suivant toujours le mur, vous passez devant un poste de garde du palais (porte nord) . Arriv\u00e9 \u00e0 un grand bouquet de bambous qui d\u00e9borde du palais royal, il y a en face vous \u00e0 gauche, une ruelle qui monte, (il y a un \u00e9criteau \u00e0 notre nom sur le poteau \u00e9lectrique \u00e0 l&#8217;angle), suivez cette ruelle et vous nous trouverez sur la gauche \u00e0 environ 400m.<\/p>\n<p>Vous y trouverez en permanence Kumar Ghising et Puspa Raj, responsable des treks, Jayaram, qui est responsable de la logistique et de la comptabilit\u00e9 (ils sont directeur de l&#8217;agence). Puran Rai, qui parle fran\u00e7ais, il est manager de l&#8217;agence. Krishna Khadka, il est responsable de la communication. Sandip KC, il est responsible les billets et r\u00e9servation d&#8217;h\u00f4tels et l&#8217;avion domestique.<br \/>\nNous sommes enti\u00e8rement \u00e0 votre disposition. N&#8217;h\u00e9sitez pas \u00e0 nous contacter, nous ferons notre maximum !Nous pouvons vous envoyer des adresses Email de personnes ayant d\u00e9ja effectu\u00e9 des treks avec nous. nous travaillons aussi en collaboration \u00e9troite avec des agences fran\u00e7aises.<\/p>\n<p>Notre agence a neuf ans d&#8217;exitence. Elle fonctionne uniquement dans un but humanitaire. Les b\u00e9n\u00e9fices sont enti\u00e8rement utilis\u00e9s pour financer nos actions humanitaires au N\u00e9pal et Tibet.<\/p>\n<p>Toute personne qui part en trek avec nous, repr\u00e9sente l&#8217;achat de m\u00e9dicaments et la scolarisation d&#8217;enfants.<\/p>\n<p>L&#8217;action humanitaire est faite en collaboration \u00e9troite avec l&#8217;association humanitaire fran\u00e7aise Rhone-Jamuna- H\u00e9lambou. qui a commenc\u00e9 ces action il y a 15ans. Des m\u00e9decins, infirmiers et infirmi\u00e8res, dentistes, fran\u00e7ais b\u00e9n\u00e9voles, viennent plusieurs mois de l&#8217;ann\u00e9e travailler avec nous et faire de la formation.<\/p>\n<p>Un dispensaire dans la r\u00e9gion de l&#8217;h\u00e9lambou \u00e0 Gylathum-Sera (pr\u00e9s de Talamarang. Un dispensaire qui a 27 ans, enti\u00e8rement gratuit consultation et m\u00e9dicaments, ou nous avons soign\u00e9 en 2018, environ 15650 n\u00e9palais (nous sommes entour\u00e9s de 24 villages). 3 infirmi\u00e8res n\u00e9palais, y travaillent \u00e0 longuer d&#8217;ann\u00e9e.<\/p>\n<p>Trois \u00e9coles construites, 2 \u00e0 Dubachaur et une enti\u00e8rement gratuite pour les enfants d\u00e9sh\u00e9rit\u00e9s, pr\u00e9s de notre dispensaire.(Trois nouvelles classes viennent d&#8217;\u00eatre rajout\u00e9e \u00e0 cette \u00e9cole ou nous recevons 220 enfants de 5 \u00e0 9 ans).Au Tibet, nous aidons financi\u00e8rement un orphelinat tib\u00e9tain au Tibet<\/p>\n<p><strong>Nous avons aussi ouvert une agence au Cambodge:<\/strong><\/p>\n<p>Monde du Cambodge, Venez visiter notre site, <a href=\"https:\/\/www.cambodgevoyages.com\">www.cambodgevoyages.com<\/a> pour pr\u00e9parer votre voyage et des circuits et s\u00e9jours en groupe ou a la carte, dans le m\u00eame esprit que notre agence n\u00e9palaise.<br \/>\nLes b\u00e9n\u00e9fices r\u00e9alis\u00e9s au N\u00e9pal, Cambodge et Tibet par trekking, randonn\u00e9es et s\u00e9jours avec notre agence, participent au fonctionnement d&#8217;un humanitaire au N\u00e9pal et au Cambodge.<br \/>\nDocumentation :\u00a0<a title=\"Notre Action Humanitaire depuis 1990\" href=\"http:\/\/www.ecologytreks.com\/human.html \">http:\/\/www.ecologytreks.com\/human.html\u00a0<\/a><\/p>\n<p>Trekking voyage randonnee au Nepal en 2025 et en 2026 avec NEPAL ECOLOGY TREKS<\/p>\n<p><span style=\"color: #008000;\"><strong>Nous sommes tr\u00e8s heureux de partager nos exp\u00e9rience avec vous donc voyage et trek au Nepal avec l&#8217;agence locale francophone &#8220;N\u00e9pal Ecology Treks&#8221;. Offre un prix sp\u00e9ciale . Merci de nous \u00e9crire \u00e0 &#8220;<a href=\"mailto:ecologytreks@gmail.com\">ecologytreks@gmail.com<\/a>\u201d et nous vous r\u00e9pondrons rapidement.<\/strong><\/span><\/p>\n<p>&#8216;Agence n\u00e9palaise locale francophone a but humanitaire depuis 1990&#8217;<\/p>\n<p>Kathmandu. Tel + 97714530664 \/ 4530665<br \/>\nAdresse bureau: Lazimpat, Dhobichaur (derri\u00e8re le Musee Palais Royal).<br \/>\nBoite Postal: 12441, Kathmandu, NEPAL, E-mail:\u00a0<a href=\"mailto:ecologytreks@gmail.com\">ecologytreks@gmail.com<br \/>\n<\/a><b>Portable: +977-9841310262 et <\/b>Viber\/WhatsApp: +977-9851001068<\/p>\n<div id=\"TA_cdswritereviewnew351\" class=\"TA_cdswritereviewnew\">\n<ul id=\"KVx6FocCmCia\" class=\"TA_links 5KaoPviFwY\">\n<li id=\"dZ6XoSrR1\" class=\"b3Ij8xaf6dP\"><a href=\"https:\/\/www.tripadvisor.com\/\" target=\"_blank\" rel=\"noopener noreferrer\"><img decoding=\"async\" src=\"https:\/\/www.tripadvisor.com\/img\/cdsi\/img2\/branding\/medium-logo-29834-2.png\" alt=\"TripAdvisor\" \/><\/a><\/li>\n<\/ul>\n<\/div>\n<p><script src=\"https:\/\/www.jscache.com\/wejs?wtype=cdswritereviewnew&amp;uniq=351&amp;locationId=12435215&amp;lang=en_US&amp;lang=en_US&amp;display_version=2\"><\/script><\/p>\n","protected":false},"excerpt":{"rendered":"<p>Bonjour, Namaste du l&#8217;\u00e9quipe N\u00e9pal Ecology Treks. Nous offrons des prix sp\u00e9ciaux pour diff\u00e9rents treks au N\u00e9pal pour 2025. Envoyez-nous votre demande, r\u00e9servez \u00e0 l&#8217;avance !!! Vous pouvez nous contatez\u00a0 directement par email : ecologytreks@gmail.com\u00a0 trek au nepal en 2025, &hellip;<\/p>\n<p class=\"read-more\"> <a class=\"more-link\" href=\"https:\/\/randonneenepal.com\/?page_id=44\"> <span class=\"screen-reader-text\">Notre Agence<\/span> Read More &raquo;<\/a><\/p>\n","protected":false},"author":1,"featured_media":0,"parent":0,"menu_order":0,"comment_status":"closed","ping_status":"open","template":"","meta":{"_joinchat":[],"footnotes":""},"class_list":["post-44","page","type-page","status-publish","hentry"],"featured_image_src":"","featured_image_src_square":false,"rbea_author_info":{"display_name":"admin","author_link":"https:\/\/randonneenepal.com\/?author=1"},"rbea_excerpt_info":"Bonjour, Namaste du l&#8217;\u00e9quipe N\u00e9pal Ecology Treks. Nous offrons des prix sp\u00e9ciaux pour diff\u00e9rents treks au N\u00e9pal pour 2025. Envoyez-nous votre demande, r\u00e9servez \u00e0 l&#8217;avance !!! Vous pouvez nous contatez\u00a0 directement par email : ecologytreks@gmail.com\u00a0 trek au nepal en 2025, &hellip;<p class=\"read-more\"> <a class=\"more-link\" href=\"https:\/\/randonneenepal.com\/?page_id=44\"> <span class=\"screen-reader-text\">Notre Agence<\/span> Read More &raquo;<\/a><\/p>","_links":{"self":[{"href":"https:\/\/randonneenepal.com\/index.php?rest_route=\/wp\/v2\/pages\/44","targetHints":{"allow":["GET"]}}],"collection":[{"href":"https:\/\/randonneenepal.com\/index.php?rest_route=\/wp\/v2\/pages"}],"about":[{"href":"https:\/\/randonneenepal.com\/index.php?rest_route=\/wp\/v2\/types\/page"}],"author":[{"embeddable":true,"href":"https:\/\/randonneenepal.com\/index.php?rest_route=\/wp\/v2\/users\/1"}],"replies":[{"embeddable":true,"href":"https:\/\/randonneenepal.com\/index.php?rest_route=%2Fwp%2Fv2%2Fcomments&post=44"}],"version-history":[{"count":19,"href":"https:\/\/randonneenepal.com\/index.php?rest_route=\/wp\/v2\/pages\/44\/revisions"}],"predecessor-version":[{"id":591,"href":"https:\/\/randonneenepal.com\/index.php?rest_route=\/wp\/v2\/pages\/44\/revisions\/591"}],"wp:attachment":[{"href":"https:\/\/randonneenepal.com\/index.php?rest_route=%2Fwp%2Fv2%2Fmedia&parent=44"}],"curies":[{"name":"wp","href":"https:\/\/api.w.org\/{rel}","templated":true}]}}