{"id":54,"date":"2013-12-05T11:19:58","date_gmt":"2013-12-05T11:19:58","guid":{"rendered":"http:\/\/randonneenepal.com\/?page_id=54"},"modified":"2024-11-05T10:43:02","modified_gmt":"2024-11-05T10:43:02","slug":"les-fetes-du-nepal","status":"publish","type":"page","link":"https:\/\/randonneenepal.com\/?page_id=54","title":{"rendered":"Les f\u00eates du N\u00e9pal"},"content":{"rendered":"<p>Trek au N\u00e9pal en 2024, Randonn\u00e9e au N\u00e9pal 2024, Voyage au N\u00e9pal 2024, Treck au N\u00e9pal en 2024, Trekking au N\u00e9pal en 2024<\/p>\n<h4 style=\"text-align: center;\"><span style=\"font-size: 1.17em;\">Les F\u00eates du Nepal en 2025, les festival au Nepal en 2026<br \/>\n<img decoding=\"async\" class=\"alignnone size-medium wp-image-571\" src=\"https:\/\/randonneenepal.com\/wp-content\/uploads\/2024\/11\/net-new-logo-308x300.jpg\" alt=\"\" width=\"308\" height=\"300\" srcset=\"https:\/\/randonneenepal.com\/wp-content\/uploads\/2024\/11\/net-new-logo-308x300.jpg 308w, https:\/\/randonneenepal.com\/wp-content\/uploads\/2024\/11\/net-new-logo-768x749.jpg 768w, https:\/\/randonneenepal.com\/wp-content\/uploads\/2024\/11\/net-new-logo-100x98.jpg 100w, https:\/\/randonneenepal.com\/wp-content\/uploads\/2024\/11\/net-new-logo-150x146.jpg 150w, https:\/\/randonneenepal.com\/wp-content\/uploads\/2024\/11\/net-new-logo-200x195.jpg 200w, https:\/\/randonneenepal.com\/wp-content\/uploads\/2024\/11\/net-new-logo-300x293.jpg 300w, https:\/\/randonneenepal.com\/wp-content\/uploads\/2024\/11\/net-new-logo-450x439.jpg 450w, https:\/\/randonneenepal.com\/wp-content\/uploads\/2024\/11\/net-new-logo-600x585.jpg 600w, https:\/\/randonneenepal.com\/wp-content\/uploads\/2024\/11\/net-new-logo-900x878.jpg 900w, https:\/\/randonneenepal.com\/wp-content\/uploads\/2024\/11\/net-new-logo-45x45.jpg 45w, https:\/\/randonneenepal.com\/wp-content\/uploads\/2024\/11\/net-new-logo.jpg 981w\" sizes=\"(max-width: 308px) 100vw, 308px\" \/><br \/>\n<\/span><\/h4>\n<div>\n<table border=\"1\" width=\"99%\" cellspacing=\"0\" cellpadding=\"0\">\n<tbody>\n<tr>\n<td width=\"74%\">\n<p align=\"center\"><b>Les F\u00eates\u00a0<\/b><\/p>\n<\/td>\n<td width=\"26%\">\n<p align=\"center\"><b><span style=\"color: #ff0000;\">Au mois<\/span><span style=\"color: #ff0000;\">**<\/span><\/b><\/p>\n<\/td>\n<\/tr>\n<\/tbody>\n<tbody>\n<tr>\n<td width=\"74%\">Losar: F\u00eate du Nouvel An tib\u00e9tain.<\/td>\n<td width=\"26%\">en Janvier<\/td>\n<\/tr>\n<tr>\n<td width=\"74%\">F\u00eate Nationale au Nepal<\/td>\n<td width=\"26%\">en F\u00e9vrier<\/td>\n<\/tr>\n<tr>\n<td width=\"74%\">Shivaratri : F\u00eate de dieu Shiva \u00e0 temple de Pashupatinath, \u00e0 Katmandou<\/td>\n<td width=\"26%\">en F\u00e9vrier<\/td>\n<\/tr>\n<tr>\n<td width=\"74%\">Holi: F\u00eate de couleur<\/td>\n<td width=\"26%\">en Mars<\/td>\n<\/tr>\n<tr>\n<td width=\"74%\">Ghode Jatra: F\u00eate des chevaux \u00e0 Kathmandu<\/td>\n<td width=\"26%\">en Mars<\/td>\n<\/tr>\n<tr>\n<td width=\"74%\">Le petit dhasain<\/td>\n<td width=\"26%\">en Avril<\/td>\n<\/tr>\n<tr>\n<td width=\"74%\">Bisket Jatra a Bhaktapur:<\/td>\n<td width=\"26%\">en\u00a0 Avril<\/td>\n<\/tr>\n<tr>\n<td width=\"74%\">Naya varsha: Nouvel an n\u00e9palais<\/td>\n<td width=\"26%\">en Avril<\/td>\n<\/tr>\n<tr>\n<td width=\"74%\">Dumji Festival: F\u00eate Sherpa au solu Khumbu r\u00e9gion<\/td>\n<td width=\"26%\">en Avril<\/td>\n<\/tr>\n<tr>\n<td width=\"74%\">Changu Narayan Rath Yatra<\/td>\n<td width=\"26%\">en Avril<\/td>\n<\/tr>\n<tr>\n<td width=\"74%\">Red Machhendranath Rath jatra (Machhendranath Rath Jatra)<\/td>\n<td width=\"26%\">en Avril<\/td>\n<\/tr>\n<tr>\n<td width=\"74%\">Buddha Jayanti : l\u2019anniversaire du Budha<\/td>\n<td width=\"26%\">en Mai<\/td>\n<\/tr>\n<tr>\n<td width=\"74%\">Ga\u00ef Jatra<\/td>\n<td width=\"26%\">en Ao\u00fbt<\/td>\n<\/tr>\n<tr>\n<td width=\"74%\">Teej: F\u00eate des femmes<\/td>\n<td width=\"26%\">en Ao\u00fbt<\/td>\n<\/tr>\n<tr>\n<td width=\"74%\">Indra Jatra (F\u00eate de dieu Indra)<\/td>\n<td width=\"26%\">en Septembre<\/td>\n<\/tr>\n<tr>\n<td width=\"74%\">Tourism Day : Le jour du tourisme<\/td>\n<td width=\"26%\">en Septembre<\/td>\n<\/tr>\n<tr>\n<td width=\"74%\">Ghatasthapana: 1<sup>re<\/sup>\u00a0jour de Dhasai\u00a0Plus grande f\u00eate religieuse du N\u00e9pal qui dure\u00a0sur une p\u00e9riode de 15 jours)<\/td>\n<td width=\"26%\">en Sept. \/Octobre<\/td>\n<\/tr>\n<tr>\n<td width=\"74%\">Maha Asthami<\/td>\n<td width=\"26%\">en Sept. \/Octobre<\/td>\n<\/tr>\n<tr>\n<td width=\"74%\">Maha Nawami<\/td>\n<td width=\"26%\">en Sept. \/Octobre<\/td>\n<\/tr>\n<tr>\n<td width=\"74%\">Vijaya Dhashami : Tika<\/td>\n<td width=\"26%\">en Sept. \/Octobre<\/td>\n<\/tr>\n<tr>\n<td width=\"74%\">Kojagrat Purnima : Le dernier jour de Festival de Dhasain<\/td>\n<td width=\"26%\">en Sept. \/Octobre<\/td>\n<\/tr>\n<tr>\n<td width=\"74%\">Kag Tihar = (F\u00eate des corbeaux) 1er jour de festival Tihar\u00a0(festival des lumi\u00e8res c\u00e9l\u00e9br\u00e9 sur 5 jours)<\/td>\n<td width=\"26%\">en Oct. \/Novembre<\/td>\n<\/tr>\n<tr>\n<td width=\"74%\">Kukur Tihar : F\u00eate des chiens<\/td>\n<td width=\"26%\">en Oct. \/Novembre<\/td>\n<\/tr>\n<tr>\n<td width=\"74%\">Ga\u00ef Tihar : F\u00eate des bache<\/td>\n<td width=\"26%\">en Oct. \/Novembre<\/td>\n<\/tr>\n<tr>\n<td width=\"74%\">Goru Tihar : F\u00eate des taureau<\/td>\n<td width=\"26%\">en Oct. \/Novembre<\/td>\n<\/tr>\n<tr>\n<td width=\"74%\">Bhai Taka : (F\u00eate des fr\u00e8res) les s\u0153urs b\u00e9nissent leurs fr\u00e8res<\/td>\n<td width=\"26%\">en Oct. \/Novembre<\/td>\n<\/tr>\n<tr>\n<td width=\"74%\">Mani Rimdu: F\u00eate sherpa au Khumbu, au temple de Tengbuche<\/td>\n<td width=\"26%\">en ovembre<\/td>\n<\/tr>\n<tr>\n<td width=\"74%\">Chaat Parba : C&#8217;est une grande festival a Teraien<\/td>\n<td width=\"26%\">Novembre<\/td>\n<\/tr>\n<tr>\n<td width=\"74%\">Merry Christmas : Le Joyeux No\u00ebl<\/td>\n<td width=\"26%\">24 D\u00e9cembre<\/td>\n<\/tr>\n<\/tbody>\n<\/table>\n<div align=\"right\">\n<p align=\"left\"><span style=\"color: #ff0000;\">**Les dates changent tous les ans<\/span><\/p>\n<p align=\"center\"><b>La Temp\u00e9rature \/ M\u00e9t\u00e9o au Nepal<\/b><\/p>\n<table style=\"height: 1093px;\" border=\"1\" width=\"586\" cellspacing=\"0\" cellpadding=\"0\" align=\"center\">\n<tbody>\n<tr>\n<td width=\"180\">\n<p align=\"center\"><b>Mois<\/b><\/p>\n<\/td>\n<td width=\"251\">\n<p align=\"center\"><b>Temp\u00e9rature max\u00b0c\u00a0<\/b><\/p>\n<\/td>\n<td width=\"226\">\n<p align=\"center\"><b>Temp\u00e9rature min \u00b0c\u00a0 \u00a0<\/b><\/p>\n<\/td>\n<\/tr>\n<\/tbody>\n<tbody>\n<tr>\n<td width=\"180\">\n<p align=\"center\">Janvier<\/p>\n<\/td>\n<td width=\"251\">\n<p align=\"center\">15<\/p>\n<\/td>\n<td width=\"226\">\n<p align=\"center\">3<\/p>\n<\/td>\n<\/tr>\n<tr>\n<td width=\"180\">\n<p align=\"center\">F\u00e9vrier<\/p>\n<\/td>\n<td width=\"251\">\n<p align=\"center\">18<\/p>\n<\/td>\n<td width=\"226\">\n<p align=\"center\">6<\/p>\n<\/td>\n<\/tr>\n<tr>\n<td width=\"180\">\n<p align=\"center\">Mars<\/p>\n<\/td>\n<td width=\"251\">\n<p align=\"center\">23<\/p>\n<\/td>\n<td width=\"226\">\n<p align=\"center\">11<\/p>\n<\/td>\n<\/tr>\n<tr>\n<td width=\"180\">\n<p align=\"center\">Avril<\/p>\n<\/td>\n<td width=\"251\">\n<p align=\"center\">27<\/p>\n<\/td>\n<td width=\"226\">\n<p align=\"center\">14<\/p>\n<\/td>\n<\/tr>\n<tr>\n<td width=\"180\">\n<p align=\"center\">Mai<\/p>\n<\/td>\n<td width=\"251\">\n<p align=\"center\">28<\/p>\n<\/td>\n<td width=\"226\">\n<p align=\"center\">18<\/p>\n<\/td>\n<\/tr>\n<tr>\n<td width=\"180\">\n<p align=\"center\">Juin<\/p>\n<\/td>\n<td width=\"251\">\n<p align=\"center\">20<\/p>\n<\/td>\n<td width=\"226\">\n<p align=\"center\">20<\/p>\n<\/td>\n<\/tr>\n<tr>\n<td width=\"180\">\n<p align=\"center\">Juillet<\/p>\n<\/td>\n<td width=\"251\">\n<p align=\"center\">30<\/p>\n<\/td>\n<td width=\"226\">\n<p align=\"center\">21<\/p>\n<\/td>\n<\/tr>\n<tr>\n<td width=\"180\">\n<p align=\"center\">Ao\u00fbt<\/p>\n<\/td>\n<td width=\"251\">\n<p align=\"center\">29<\/p>\n<\/td>\n<td width=\"226\">\n<p align=\"center\">20<\/p>\n<\/td>\n<\/tr>\n<tr>\n<td width=\"180\">\n<p align=\"center\">Septembre<\/p>\n<\/td>\n<td width=\"251\">\n<p align=\"center\">27<\/p>\n<\/td>\n<td width=\"226\">\n<p align=\"center\">19<\/p>\n<\/td>\n<\/tr>\n<tr>\n<td width=\"180\">\n<p align=\"center\">Octobre<\/p>\n<\/td>\n<td width=\"251\">\n<p align=\"center\">24<\/p>\n<\/td>\n<td width=\"226\">\n<p align=\"center\">16<\/p>\n<\/td>\n<\/tr>\n<tr>\n<td width=\"180\">\n<p align=\"center\">Novembre<\/p>\n<\/td>\n<td width=\"251\">\n<p align=\"center\">22<\/p>\n<\/td>\n<td width=\"226\">\n<p align=\"center\">7<\/p>\n<\/td>\n<\/tr>\n<tr>\n<td width=\"180\" height=\"2\">\n<p align=\"center\">D\u00e9cembre<\/p>\n<\/td>\n<td width=\"251\" height=\"2\">\n<p align=\"center\">18<\/p>\n<\/td>\n<td width=\"226\" height=\"2\">\n<p align=\"center\">5<\/p>\n<\/td>\n<\/tr>\n<\/tbody>\n<\/table>\n<\/div>\n<\/div>\n<p style=\"text-align: center;\"><span style=\"color: #339966;\"><b><b>Nepal Ecology Treks<\/b><\/b><\/span><\/p>\n<p style=\"text-align: center;\"><b><b>&#8220;Agence n\u00e9palaise francophone a but humanitaire depuis 1990&#8221;<\/b><\/b><\/p>\n<p style=\"text-align: center;\"><b>Licence.Professionnelle No:101020\/051\/52<br \/>\nKathmandu. Tel +977-14530665 \/ 014530664 . Portable: +977-9841310262<br \/>\nAdresse bureau: Lazimpat. Dhobichaur (derri\u00e8re le\u00a0<\/b><b>Musee Palais Royal).<\/b><b><br \/>\n<\/b><b>Boite Postal: 12441, Kathmandu. NEPAL<\/b><br \/>\n<b><strong>Call\/Viber\/WhatsApp: +977-9851026685<\/strong><a href=\"mailto:puspa@mos.com.np\"><br \/>\n<\/a><a href=\"mailto:ecologytreks@gmail.com\"><img decoding=\"async\" class=\"alignnone\" src=\"http:\/\/www.ecologytrekking.com\/images\/MAIL.gif\" alt=\"demande de documentations\" width=\"92\" height=\"43\" align=\"BOTTOM\" border=\"0\" \/><\/a><br \/>\n<b>Demande d&#8217;information par Skype:\u00a0<a href=\"skype:ecologytrek?call\"><img decoding=\"async\" src=\"http:\/\/download.skype.com\/share\/skypebuttons\/buttons\/call_green_transparent_70x23.png\" alt=\"Skype Me\u2122!\" width=\"70\" height=\"23\" \/><\/a>\u00a0<\/b><\/b>&#8220;ecologytrek&#8221;<\/p>\n<div id=\"TA_selfserveprop439\" class=\"TA_selfserveprop\">\n<ul id=\"yUxQtZNBe6eJ\" class=\"TA_links Z6LkOvOZoBDH\">\n<li id=\"rgeUpYHRK\" class=\"Dw2XFNb\"><a href=\"https:\/\/www.tripadvisor.com\/\" target=\"_blank\" rel=\"noopener noreferrer\"><img decoding=\"async\" src=\"https:\/\/www.tripadvisor.com\/img\/cdsi\/img2\/branding\/150_logo-11900-2.png\" alt=\"TripAdvisor\" \/><\/a><\/li>\n<\/ul>\n<\/div>\n<p><script src=\"https:\/\/www.jscache.com\/wejs?wtype=selfserveprop&amp;uniq=439&amp;locationId=12435215&amp;lang=en_US&amp;rating=true&amp;nreviews=4&amp;writereviewlink=true&amp;popIdx=true&amp;iswide=true&amp;border=true&amp;display_version=2\"><\/script><\/p>\n","protected":false},"excerpt":{"rendered":"<p>Trek au N\u00e9pal en 2024, Randonn\u00e9e au N\u00e9pal 2024, Voyage au N\u00e9pal 2024, Treck au N\u00e9pal en 2024, Trekking au N\u00e9pal en 2024 Les F\u00eates du Nepal en 2025, les festival au Nepal en 2026 Les F\u00eates\u00a0 Au mois** Losar: &hellip;<\/p>\n<p class=\"read-more\"> <a class=\"more-link\" href=\"https:\/\/randonneenepal.com\/?page_id=54\"> <span class=\"screen-reader-text\">Les f\u00eates du N\u00e9pal<\/span> Read More &raquo;<\/a><\/p>\n","protected":false},"author":1,"featured_media":0,"parent":0,"menu_order":0,"comment_status":"closed","ping_status":"open","template":"","meta":{"_joinchat":[],"footnotes":""},"class_list":["post-54","page","type-page","status-publish","hentry"],"featured_image_src":"","featured_image_src_square":false,"rbea_author_info":{"display_name":"admin","author_link":"https:\/\/randonneenepal.com\/?author=1"},"rbea_excerpt_info":"Trek au N\u00e9pal en 2024, Randonn\u00e9e au N\u00e9pal 2024, Voyage au N\u00e9pal 2024, Treck au N\u00e9pal en 2024, Trekking au N\u00e9pal en 2024 Les F\u00eates du Nepal en 2025, les festival au Nepal en 2026 Les F\u00eates\u00a0 Au mois** Losar: &hellip;<p class=\"read-more\"> <a class=\"more-link\" href=\"https:\/\/randonneenepal.com\/?page_id=54\"> <span class=\"screen-reader-text\">Les f\u00eates du N\u00e9pal<\/span> Read More &raquo;<\/a><\/p>","_links":{"self":[{"href":"https:\/\/randonneenepal.com\/index.php?rest_route=\/wp\/v2\/pages\/54","targetHints":{"allow":["GET"]}}],"collection":[{"href":"https:\/\/randonneenepal.com\/index.php?rest_route=\/wp\/v2\/pages"}],"about":[{"href":"https:\/\/randonneenepal.com\/index.php?rest_route=\/wp\/v2\/types\/page"}],"author":[{"embeddable":true,"href":"https:\/\/randonneenepal.com\/index.php?rest_route=\/wp\/v2\/users\/1"}],"replies":[{"embeddable":true,"href":"https:\/\/randonneenepal.com\/index.php?rest_route=%2Fwp%2Fv2%2Fcomments&post=54"}],"version-history":[{"count":17,"href":"https:\/\/randonneenepal.com\/index.php?rest_route=\/wp\/v2\/pages\/54\/revisions"}],"predecessor-version":[{"id":577,"href":"https:\/\/randonneenepal.com\/index.php?rest_route=\/wp\/v2\/pages\/54\/revisions\/577"}],"wp:attachment":[{"href":"https:\/\/randonneenepal.com\/index.php?rest_route=%2Fwp%2Fv2%2Fmedia&parent=54"}],"curies":[{"name":"wp","href":"https:\/\/api.w.org\/{rel}","templated":true}]}}